{"id":553,"date":"2016-03-10T11:26:56","date_gmt":"2016-03-10T10:26:56","guid":{"rendered":"http:\/\/media-liquid.de\/?page_id=553"},"modified":"2016-03-10T11:26:56","modified_gmt":"2016-03-10T10:26:56","slug":"hazibuli","status":"publish","type":"page","link":"http:\/\/media-liquid.de\/?page_id=553","title":{"rendered":"H\u00e0zibuli"},"content":{"rendered":"<p><strong>Text zur Ausstellung von Heike Kati Barath\u00a0in der Galerie\u00a0Cookie\u00a0<\/strong><b>Snoei<\/b><\/p>\n<p>Den Blick im Nacken sp\u00fcren. An den Lippen kleben. Ansprechen oder nicht. Nichts sagen&#8230;<\/p>\n<p>&#8230; sagen wollen. K\u00fcssen wollen. Weg rennen. Haare raufen. N\u00e4gel knabbern.<\/p>\n<p>Wissen wollen. Von dem Gegen\u00fcber.<\/p>\n<p>Das ist ein Junge. Versteckt hinter seinem l\u00e4ssigen Haarschnitt, seiner Klamotte. Von sechs Quadratmetern Leinwand schaut er, im Portrait. Daneben ein M\u00e4dchen, frivol, gek\u00fc\u00dft, bereit zum Sprung. Verletzt.<\/p>\n<p>Diese Bilder sind von ihr: Heike Kati Barath. Oft steht sie selbst vor ihnen, schaut, taxiert die Blicke. Oder freut sich \u00fcber die Begegnung mit den bekannten Gesichtern, wenn sie sie bei einer ihrer Ausstellungen sieht.<\/p>\n<p>\u00d6l, Lack, Acryl und Bauschaum, gro\u00dfe Fl\u00e4chen, differenziert durch den Pinselduktus, gegen\u00fcber Knopfaugen, weiche Linien, die Str\u00e4hnen aus Acryl. Weichzeichner im Hintergrund und nur Erkennbar, weil der K\u00f6rper kein Rechteck ist und sonst das Bild in G\u00e4nze f\u00fcllen, dem Betrachter nicht an sich vorbei lassen w\u00fcrde.<\/p>\n<p>Barath arbeitet so feine Z\u00fcge aus den Fl\u00e4chen, das man immerzu nachschauen mu\u00df, ob das M\u00e4dchen, ob der Junge nicht doch anders schaut, als man es denkt. Dabei entdeckt man seine eigenen Unzul\u00e4nglichkeiten der Wahrnehmung: Beobachten, Werten und Merken. Begriffe werden wieder zu Erfahrungen, l\u00f6sen sich auf in einen Prozess. Wie Kinder lernen wir von neuem. Entdecken uns einf\u00e4ltig und infantil.<\/p>\n<p>So \u00f6ffnen sich ihre Bilder, werden zu Erz\u00e4hlungen, zu eigenen Geschichten, Geschichten des Betrachters &#8211; Heike Kati Baraths Bilder geben den Impuls, den Anla\u00df, den Moment, das Dazwischen. Die M\u00f6glichkeiten. Sie sind weniger Abbildung denn Interaktion. Es entsteht ein Ich \u00fcber ein Du. Identifikation \u00fcber Abgrenzung.<\/p>\n<ul>\n<li><a title=\"http:\/\/www.cokkiesnoei.com\/index.php?page=view&amp;action=view_exhibition&amp;exh_id=52\" href=\"http:\/\/www.cokkiesnoei.com\/index.php?page=view&amp;action=view_exhibition&amp;exh_id=52\">http:\/\/www.cokkiesnoei.com\/index.php?page=view&amp;action=view_exhibition&amp;exh_id=52<\/a><\/li>\n<li><a title=\"http:\/\/heikekatibarath.de\" href=\"http:\/\/heikekatibarath.de\" target=\"_blank\">http:\/\/heikekatibarath.de<\/a><\/li>\n<\/ul>\n","protected":false},"excerpt":{"rendered":"<p>Text zur Ausstellung von Heike Kati Barath\u00a0in der Galerie\u00a0Cookie\u00a0Snoei Den Blick im Nacken sp\u00fcren. An den Lippen kleben. Ansprechen oder nicht. Nichts sagen&#8230; &#8230; sagen<\/p>\n","protected":false},"author":1,"featured_media":0,"parent":0,"menu_order":0,"comment_status":"closed","ping_status":"closed","template":"","meta":{"footnotes":""},"class_list":["post-553","page","type-page","status-publish","hentry"],"_links":{"self":[{"href":"http:\/\/media-liquid.de\/index.php?rest_route=\/wp\/v2\/pages\/553","targetHints":{"allow":["GET"]}}],"collection":[{"href":"http:\/\/media-liquid.de\/index.php?rest_route=\/wp\/v2\/pages"}],"about":[{"href":"http:\/\/media-liquid.de\/index.php?rest_route=\/wp\/v2\/types\/page"}],"author":[{"embeddable":true,"href":"http:\/\/media-liquid.de\/index.php?rest_route=\/wp\/v2\/users\/1"}],"replies":[{"embeddable":true,"href":"http:\/\/media-liquid.de\/index.php?rest_route=%2Fwp%2Fv2%2Fcomments&post=553"}],"version-history":[{"count":1,"href":"http:\/\/media-liquid.de\/index.php?rest_route=\/wp\/v2\/pages\/553\/revisions"}],"predecessor-version":[{"id":554,"href":"http:\/\/media-liquid.de\/index.php?rest_route=\/wp\/v2\/pages\/553\/revisions\/554"}],"wp:attachment":[{"href":"http:\/\/media-liquid.de\/index.php?rest_route=%2Fwp%2Fv2%2Fmedia&parent=553"}],"curies":[{"name":"wp","href":"https:\/\/api.w.org\/{rel}","templated":true}]}}