{"id":545,"date":"2016-03-10T11:19:55","date_gmt":"2016-03-10T10:19:55","guid":{"rendered":"http:\/\/media-liquid.de\/?page_id=545"},"modified":"2016-03-10T11:23:01","modified_gmt":"2016-03-10T10:23:01","slug":"hoop","status":"publish","type":"page","link":"http:\/\/media-liquid.de\/?page_id=545","title":{"rendered":"Hoop"},"content":{"rendered":"<p><strong>Text zur Ausstellung von Heike Kati Barath und C. A. Wertheim in der artothek K\u00f6ln<\/strong><\/p>\n<p>Fleisch, aufget\u00fcrmt zu einem Berg. Dahinter blauer Himmel. Dieses Bild von Heike Kati Barath, zwei Meter in der Breite, drei Meter f\u00fcnfzig in der H\u00f6he, hat keinen Titel. \u201eHoop\u201d k\u00f6nnte einer Holl\u00e4nderin dazu einfallen. Das hei\u00dft Haufen. Und auch Hoffnung.<\/p>\n<p>C. A. Wertheim ist aus Holland. Gemeinsam mit Barath stellte sie in der artothek aus. In Ihren Bildern, meist Collagen, ist Wertheim oft selbst zu finden. Aus Fotografien, grasb\u00fcschelnen Papier und anderen Materialien zusammengesetzt, schauen Figuren den Betrachter an.<\/p>\n<p>Oder auf Baraths Bilder? Von denen wiederum auch andere Gestalten schauen. Wieder in den Raum, wieder auf den Rezipienten. \u00dcberall Blicke und Blickwinkel. Vom Publikum, von den K\u00fcnstlerinnen.<\/p>\n<ul>\n<li><a title=\"http:\/\/www.museenkoeln.de\/artothek\/seite.aspx?s=204\" href=\"http:\/\/www.museenkoeln.de\/artothek\/seite.aspx?s=204\" target=\"_blank\">http:\/\/www.museenkoeln.de\/artothek\/seite.aspx?s=204<\/a><\/li>\n<li><a title=\"http:\/\/heikekatibarath.de\" href=\"http:\/\/heikekatibarath.de\" target=\"_blank\">http:\/\/heikekatibarath.de<\/a><\/li>\n<li><a title=\"http:\/\/c-a-wertheim.com\" href=\"http:\/\/c-a-wertheim.com\" target=\"_blank\">http:\/\/c-a-wertheim.com<\/a><\/li>\n<\/ul>\n","protected":false},"excerpt":{"rendered":"<p>Text zur Ausstellung von Heike Kati Barath und C. A. Wertheim in der artothek K\u00f6ln Fleisch, aufget\u00fcrmt zu einem Berg. Dahinter blauer Himmel. Dieses Bild<\/p>\n","protected":false},"author":1,"featured_media":0,"parent":0,"menu_order":0,"comment_status":"closed","ping_status":"closed","template":"","meta":{"footnotes":""},"class_list":["post-545","page","type-page","status-publish","hentry"],"_links":{"self":[{"href":"http:\/\/media-liquid.de\/index.php?rest_route=\/wp\/v2\/pages\/545","targetHints":{"allow":["GET"]}}],"collection":[{"href":"http:\/\/media-liquid.de\/index.php?rest_route=\/wp\/v2\/pages"}],"about":[{"href":"http:\/\/media-liquid.de\/index.php?rest_route=\/wp\/v2\/types\/page"}],"author":[{"embeddable":true,"href":"http:\/\/media-liquid.de\/index.php?rest_route=\/wp\/v2\/users\/1"}],"replies":[{"embeddable":true,"href":"http:\/\/media-liquid.de\/index.php?rest_route=%2Fwp%2Fv2%2Fcomments&post=545"}],"version-history":[{"count":2,"href":"http:\/\/media-liquid.de\/index.php?rest_route=\/wp\/v2\/pages\/545\/revisions"}],"predecessor-version":[{"id":552,"href":"http:\/\/media-liquid.de\/index.php?rest_route=\/wp\/v2\/pages\/545\/revisions\/552"}],"wp:attachment":[{"href":"http:\/\/media-liquid.de\/index.php?rest_route=%2Fwp%2Fv2%2Fmedia&parent=545"}],"curies":[{"name":"wp","href":"https:\/\/api.w.org\/{rel}","templated":true}]}}